{"id":110,"date":"2015-09-18T11:36:41","date_gmt":"2015-09-18T10:36:41","guid":{"rendered":"https:\/\/skiboxsports.kitwebcom.fr\/?page_id=110"},"modified":"2025-12-14T10:54:15","modified_gmt":"2025-12-14T09:54:15","slug":"reservations","status":"publish","type":"page","link":"https:\/\/skiboxsports.kitwebcom.fr\/?page_id=110&lang=fr","title":{"rendered":"R\u00e9servations"},"content":{"rendered":"<table style=\"height: 81px; width: 100%; border-collapse: collapse; border-style: none;\" border=\"0\">\n<tbody>\n<tr style=\"height: 10px;\">\n<td style=\"width: 29.6342%; height: 10px; text-align: center; vertical-align: middle;\">\n<h6><img loading=\"lazy\" decoding=\"async\" class=\"size-full wp-image-2744 alignnone\" src=\"https:\/\/skiboxsports.kitwebcom.fr\/wp-content\/uploads\/2025\/12\/oxygene-logo-220x50-blue-tagline.png\" alt=\"\" width=\"220\" height=\"50\"><\/h6>\n<\/td>\n<td style=\"width: 70.3658%; height: 10px; text-align: left;\">En r\u00e9servant votre mat\u00e9riel de ski avec nous, vous pouvez b\u00e9n\u00e9ficier<br \/>\nd&rsquo;une r\u00e9duction sur l&rsquo;\u00e9cole de ski &amp; snowboard <strong><span style=\"color: #009fe3;\">OXYGENE<\/span><\/strong><br \/>\n<a href=\"https:\/\/skiboxsports.kitwebcom.fr\/?page_id=98&amp;lang=fr\">Contactez nous<\/a>.<\/td>\n<\/tr>\n<\/tbody>\n<\/table>\n<p>&nbsp;<\/p>\n<p><strong style=\"color: #ff0000; font-size: 19px;\">* R\u00e9servations Minimum 48 heures \u00e0 l&rsquo;avance<\/strong><\/p>\n<p><strong><a href=\"https:\/\/skiboxsports.kitwebcom.fr\/?page_id=98\">PAR FORMULAIRE EN LIGNE<\/a><br \/>\n<\/strong><\/p>\n<p><strong>PAR E-MAIL&nbsp;:<\/strong> <a href=\"mailto:contact@skiboxsports.com\">contact@skiboxsports.com<\/a><\/p>\n<p><strong>PAR TELEPHONE&nbsp;:<\/strong> 04 79 00 72 51 \/ 06 60 02 72 51<\/p>\n<p><strong>PAR FAX&nbsp;:<\/strong> 04 79 00 72 51<\/p>\n<p><strong>PAR COURRIER&nbsp;:<\/strong><br \/>\nSKIBOX SPORTS<br \/>\nimmeuble l\u2019oisans, la croisette<br \/>\nBP 38<br \/>\n73&nbsp;440 les M\u00e9nuires<\/p>\n<hr>\n<p><strong>Pour r\u00e9server quelques points importants<span style=\"color: #ff0000;\">*<\/span> :<br \/>\n<em><span style=\"color: #ff0000;\">* R\u00e9servations Minimum 48 heures \u00e0 l&rsquo;avance<\/span><\/em><\/strong><\/p>\n<p><u>Pour les enfants et les juniors<\/u>&nbsp;:<\/p>\n<ul>\n<li>leur niveau de ski&nbsp; ( 1 2 ou 3 \u00e9toiles\u2026)<\/li>\n<li>leur taille en cm<\/li>\n<li>leur pointure en chaussure<\/li>\n<li>Tour de t\u00eate en cm pour le casque<\/li>\n<\/ul>\n<p><u>Pour les adultes&nbsp;: <\/u><\/p>\n<ul>\n<li>niveau de ski suivant la cat\u00e9gorie ( sports, \u00e9lite, expert\u2026)<\/li>\n<li>Taille en cm<\/li>\n<li>pointure en chaussure<\/li>\n<li>Tour de t\u00eate en cm pour le casque<\/li>\n<\/ul>\n","protected":false},"excerpt":{"rendered":"<p>En r\u00e9servant votre mat\u00e9riel de ski avec nous, vous pouvez b\u00e9n\u00e9ficier d&rsquo;une r\u00e9duction sur l&rsquo;\u00e9cole de ski &amp; snowboard OXYGENE Contactez nous. &nbsp; * R\u00e9servations Minimum 48 heures \u00e0 l&rsquo;avance PAR FORMULAIRE EN LIGNE PAR E-MAIL&nbsp;: contact@skiboxsports.com PAR TELEPHONE&nbsp;: 04 79 00 72 51 \/ 06 60 02 72 51 PAR FAX&nbsp;: 04 79 00\u2026<\/p>\n","protected":false},"author":1,"featured_media":0,"parent":0,"menu_order":0,"comment_status":"closed","ping_status":"closed","template":"fullwidth.php","meta":{"_exactmetrics_skip_tracking":false,"_exactmetrics_sitenote_active":false,"_exactmetrics_sitenote_note":"","_exactmetrics_sitenote_category":0,"ngg_post_thumbnail":0,"footnotes":""},"class_list":["post-110","page","type-page","status-publish","hentry"],"_links":{"self":[{"href":"https:\/\/skiboxsports.kitwebcom.fr\/index.php?rest_route=\/wp\/v2\/pages\/110","targetHints":{"allow":["GET"]}}],"collection":[{"href":"https:\/\/skiboxsports.kitwebcom.fr\/index.php?rest_route=\/wp\/v2\/pages"}],"about":[{"href":"https:\/\/skiboxsports.kitwebcom.fr\/index.php?rest_route=\/wp\/v2\/types\/page"}],"author":[{"embeddable":true,"href":"https:\/\/skiboxsports.kitwebcom.fr\/index.php?rest_route=\/wp\/v2\/users\/1"}],"replies":[{"embeddable":true,"href":"https:\/\/skiboxsports.kitwebcom.fr\/index.php?rest_route=%2Fwp%2Fv2%2Fcomments&post=110"}],"version-history":[{"count":20,"href":"https:\/\/skiboxsports.kitwebcom.fr\/index.php?rest_route=\/wp\/v2\/pages\/110\/revisions"}],"predecessor-version":[{"id":2762,"href":"https:\/\/skiboxsports.kitwebcom.fr\/index.php?rest_route=\/wp\/v2\/pages\/110\/revisions\/2762"}],"wp:attachment":[{"href":"https:\/\/skiboxsports.kitwebcom.fr\/index.php?rest_route=%2Fwp%2Fv2%2Fmedia&parent=110"}],"curies":[{"name":"wp","href":"https:\/\/api.w.org\/{rel}","templated":true}]}}