{"id":113,"date":"2015-09-18T11:39:40","date_gmt":"2015-09-18T10:39:40","guid":{"rendered":"https:\/\/skiboxsports.kitwebcom.fr\/?page_id=113"},"modified":"2025-12-14T10:52:38","modified_gmt":"2025-12-14T09:52:38","slug":"offres-speciales","status":"publish","type":"page","link":"https:\/\/skiboxsports.kitwebcom.fr\/?page_id=113&lang=fr","title":{"rendered":"Offres sp\u00e9ciales R\u00e9servation par semaine"},"content":{"rendered":"<table style=\"border-collapse: collapse; width: 99.878%; height: 10px;\">\n<tbody>\n<tr style=\"height: 10px;\">\n<td style=\"width: 29.6342%; height: 10px; text-align: center; vertical-align: middle;\">\n<h6><img loading=\"lazy\" decoding=\"async\" class=\"size-full wp-image-2744 alignnone\" src=\"https:\/\/skiboxsports.kitwebcom.fr\/wp-content\/uploads\/2025\/12\/oxygene-logo-220x50-blue-tagline.png\" alt=\"\" width=\"220\" height=\"50\"><\/h6>\n<\/td>\n<td style=\"width: 70.3658%; height: 10px; text-align: left;\">En r\u00e9servant votre mat\u00e9riel de ski avec nous, vous pouvez b\u00e9n\u00e9ficier<br \/>\nd&rsquo;une r\u00e9duction sur l&rsquo;\u00e9cole de ski &amp; snowboard <strong><span style=\"color: #009fe3;\">OXYGENE<\/span><\/strong><br \/>\n<a href=\"https:\/\/skiboxsports.kitwebcom.fr\/?page_id=98&amp;lang=fr\">Contactez nous<\/a>.<\/td>\n<\/tr>\n<\/tbody>\n<\/table>\n<p>&nbsp;<\/p>\n<p style=\"text-align: center;\"><span style=\"font-size: 24px; background-color: #ffff99;\"><strong>OFFRES SP\u00c9CIALES : SAISON 2025\/2026<\/strong><\/span><\/p>\n<p style=\"text-align: center;\"><span style=\"color: #ffffff;\">&#8211; &#8211;<\/span><\/p>\n<h3 style=\"text-align: center;\"><span style=\"color: #ffffff; background-color: #ffffff;\"><span style=\"background-color: #008000;\">-10%<\/span>&nbsp;&nbsp; <span style=\"background-color: #ff9900;\">-20%<\/span>&nbsp;&nbsp; <span style=\"background-color: #ff0000;\">-30%<\/span><\/span><\/h3>\n<p style=\"text-align: center;\"><span style=\"color: #ffffff;\">&#8211; &#8211;<\/span><\/p>\n<hr>\n<h3 style=\"text-align: center;\"><a href=\"https:\/\/skiboxsports.kitwebcom.fr\/?page_id=110\"><span style=\"font-size: 20px; background-color: #ffff99;\"><strong>uniquement sur r\u00e9servation pour la semaine<\/strong><\/span><br \/>\n<\/a><\/h3>\n<hr>\n<p style=\"text-align: center;\"><strong><span style=\"color: #ff0000;\">SAMEDI 06\/12\/25 AU SAMEDI 13\/12\/25 &gt; <span style=\"background-color: #ff0000; color: #ffffff;\">-30%<\/span><\/span><\/strong><\/p>\n<hr>\n<p style=\"text-align: center;\"><span style=\"color: #ffcc00;\"><strong><span style=\"color: #ff9900;\">SAMEDI 13\/12\/25 AU SAMEDI 20\/12\/25 &gt;<\/span> <span style=\"background-color: #ff9900; color: #ffffff;\">-20%<\/span><\/strong><\/span><\/p>\n<hr>\n<p style=\"text-align: center;\"><strong><span style=\"color: #008000;\">SAMEDI 20\/12\/25 AU SAMEDI 27\/12\/25&nbsp; &gt; <span style=\"background-color: #008000; color: #ffffff;\">-10%<\/span><\/span><\/strong><\/p>\n<hr>\n<p style=\"text-align: center;\"><strong><span style=\"color: #008000;\">SAMEDI 27\/12\/25 AU SAMEDI 03\/01\/26&nbsp; &gt; <span style=\"background-color: #008000; color: #ffffff;\">-10%<\/span><\/span><\/strong><\/p>\n<hr>\n<p style=\"text-align: center;\"><span style=\"color: #ffcc00;\"><strong><span style=\"color: #ff9900;\">SAMEDI 03\/01\/26 AU SAMEDI 10\/01\/26 &gt;<\/span> <span style=\"background-color: #ff9900; color: #ffffff;\">-20%<\/span><\/strong><\/span><\/p>\n<hr>\n<p style=\"text-align: center;\"><span style=\"color: #ffcc00;\"><strong><span style=\"color: #ff9900;\">SAMEDI 10\/01\/26 AU SAMEDI 17\/01\/26&nbsp; &gt;<\/span> <span style=\"color: #ffffff; background-color: #ff9900;\">-20%<\/span><\/strong><\/span><\/p>\n<hr>\n<p style=\"text-align: center;\"><span style=\"color: #ffcc00;\"><strong><span style=\"color: #ff9900;\">SAMEDI 17\/01\/26 AU SAMEDI 24\/01\/26 &gt;<\/span> <span style=\"color: #ffffff; background-color: #ff9900;\">-20%<\/span><\/strong><\/span><\/p>\n<hr>\n<p style=\"text-align: center;\"><span style=\"color: #ffcc00;\"><strong><span style=\"color: #ff9900;\">SAMEDI 24\/01\/26 AU SAMEDI 31\/01\/26 &gt;<\/span> <span style=\"background-color: #ff9900; color: #ffffff;\">-20%<\/span><\/strong><\/span><\/p>\n<hr>\n<p style=\"text-align: center;\"><span style=\"color: #ffcc00;\"><strong><span style=\"color: #ff9900;\">SAMEDI 31\/01\/26 AU SAMEDI 07\/02\/26 &gt;<\/span> <span style=\"background-color: #ff9900; color: #ffffff;\">-20%<\/span><\/strong><\/span><\/p>\n<hr>\n<p style=\"text-align: center;\"><strong><span style=\"color: #008000;\">SAMEDI 07\/02\/26 AU SAMEDI 14\/02\/26&nbsp; &gt; <span style=\"background-color: #008000; color: #ffffff;\">-10%<\/span><\/span><\/strong><\/p>\n<hr>\n<p style=\"text-align: center;\"><strong><span style=\"color: #008000;\">SAMEDI 14\/02\/26 AU SAMEDI 21\/02\/26&nbsp; &gt; <span style=\"background-color: #008000; color: #ffffff;\">-10%<\/span><\/span><\/strong><\/p>\n<hr>\n<p style=\"text-align: center;\"><strong><span style=\"color: #008000;\">SAMEDI 21\/02\/26 AU SAMEDI 28\/02\/26&nbsp; &gt; <span style=\"background-color: #008000; color: #ffffff;\">-10%<\/span><\/span><\/strong><\/p>\n<hr>\n<p style=\"text-align: center;\"><strong><span style=\"color: #008000;\">SAMEDI 28\/02\/26 AU SAMEDI 07\/03\/26&nbsp; &gt; <span style=\"background-color: #008000; color: #ffffff;\">-10%<\/span><\/span><\/strong><\/p>\n<hr>\n<p style=\"text-align: center;\"><strong><span style=\"color: #33cccc;\"><span style=\"color: #ff9900;\">SAMEDI 07\/03\/26 AU SAMEDI 14\/03\/26&nbsp; &gt;<\/span>&nbsp;<span style=\"color: #ffffff; background-color: #ff9900;\">-20%<\/span><\/span><\/strong><\/p>\n<hr>\n<p style=\"text-align: center;\"><strong><span style=\"color: #33cccc;\"><span style=\"color: #ff9900;\">SAMEDI 14\/03\/26 AU SAMEDI 21\/03\/26&nbsp; &nbsp;&gt;<\/span>&nbsp;<span style=\"color: #ffffff; background-color: #ff9900;\">-20%<\/span><\/span><\/strong><\/p>\n<hr>\n<p style=\"text-align: center;\"><strong><span style=\"color: #33cccc;\"><span style=\"color: #ff9900;\">SAMEDI 21\/03\/25 AU SAMEDI 28\/03\/25&nbsp; &gt;<\/span>&nbsp;<span style=\"background-color: #ff9900; color: #ffffff;\">-20%<\/span><\/span><\/strong><\/p>\n<hr>\n<p style=\"text-align: center;\"><strong><span style=\"color: #33cccc;\"><span style=\"color: #ff9900;\">SAMEDI 28\/03\/26 AU SAMEDI 04\/04\/26&nbsp; &gt;<\/span>&nbsp;<span style=\"background-color: #ff9900; color: #ffffff;\">-20%<\/span><\/span><\/strong><\/p>\n<hr>\n<p style=\"text-align: center;\"><strong><span style=\"color: #008000;\">SAMEDI 04\/04\/26 AU SAMEDI 11\/04\/26&nbsp; &gt; <span style=\"background-color: #008000; color: #ffffff;\">-10%<\/span><\/span><\/strong><\/p>\n<hr>\n<p style=\"text-align: center;\"><strong><span style=\"color: #008000;\">SAMEDI 11\/04\/26 AU DIMANCHE 19\/04\/26&nbsp; &gt; <span style=\"background-color: #008000; color: #ffffff;\">-10%<\/span><\/span><\/strong><\/p>\n<hr>\n<p style=\"text-align: center;\"><span class=\"TitreBoxcligno\">Pour toute location de 6 jours, le 7\u00e8me jour est offert<\/span><\/p>\n<p style=\"text-align: center;\"><a href=\"https:\/\/skiboxsports.kitwebcom.fr\/?page_id=115\">Tarifs<\/a> | <a href=\"https:\/\/skiboxsports.kitwebcom.fr\/?page_id=110\">R\u00e9servations<\/a><\/p>\n<hr>\n<p style=\"text-align: center;\">&nbsp;<\/p>\n","protected":false},"excerpt":{"rendered":"<p>En r\u00e9servant votre mat\u00e9riel de ski avec nous, vous pouvez b\u00e9n\u00e9ficier d&rsquo;une r\u00e9duction sur l&rsquo;\u00e9cole de ski &amp; snowboard OXYGENE Contactez nous. &nbsp; OFFRES SP\u00c9CIALES : SAISON 2025\/2026 &#8211; &#8211; -10%&nbsp;&nbsp; -20%&nbsp;&nbsp; -30% &#8211; &#8211; uniquement sur r\u00e9servation pour la semaine SAMEDI 06\/12\/25 AU SAMEDI 13\/12\/25 &gt; -30% SAMEDI 13\/12\/25 AU SAMEDI 20\/12\/25 &gt; -20%\u2026<\/p>\n","protected":false},"author":1,"featured_media":0,"parent":0,"menu_order":0,"comment_status":"closed","ping_status":"closed","template":"fullwidth.php","meta":{"_exactmetrics_skip_tracking":false,"_exactmetrics_sitenote_active":false,"_exactmetrics_sitenote_note":"","_exactmetrics_sitenote_category":0,"ngg_post_thumbnail":0,"footnotes":""},"class_list":["post-113","page","type-page","status-publish","hentry"],"_links":{"self":[{"href":"https:\/\/skiboxsports.kitwebcom.fr\/index.php?rest_route=\/wp\/v2\/pages\/113","targetHints":{"allow":["GET"]}}],"collection":[{"href":"https:\/\/skiboxsports.kitwebcom.fr\/index.php?rest_route=\/wp\/v2\/pages"}],"about":[{"href":"https:\/\/skiboxsports.kitwebcom.fr\/index.php?rest_route=\/wp\/v2\/types\/page"}],"author":[{"embeddable":true,"href":"https:\/\/skiboxsports.kitwebcom.fr\/index.php?rest_route=\/wp\/v2\/users\/1"}],"replies":[{"embeddable":true,"href":"https:\/\/skiboxsports.kitwebcom.fr\/index.php?rest_route=%2Fwp%2Fv2%2Fcomments&post=113"}],"version-history":[{"count":110,"href":"https:\/\/skiboxsports.kitwebcom.fr\/index.php?rest_route=\/wp\/v2\/pages\/113\/revisions"}],"predecessor-version":[{"id":2759,"href":"https:\/\/skiboxsports.kitwebcom.fr\/index.php?rest_route=\/wp\/v2\/pages\/113\/revisions\/2759"}],"wp:attachment":[{"href":"https:\/\/skiboxsports.kitwebcom.fr\/index.php?rest_route=%2Fwp%2Fv2%2Fmedia&parent=113"}],"curies":[{"name":"wp","href":"https:\/\/api.w.org\/{rel}","templated":true}]}}