{"id":115,"date":"2015-09-18T11:40:25","date_gmt":"2015-09-18T10:40:25","guid":{"rendered":"https:\/\/skiboxsports.kitwebcom.fr\/?page_id=115"},"modified":"2025-12-14T10:52:54","modified_gmt":"2025-12-14T09:52:54","slug":"tarifs","status":"publish","type":"page","link":"https:\/\/skiboxsports.kitwebcom.fr\/?page_id=115&lang=fr","title":{"rendered":"Tarifs"},"content":{"rendered":"<h3>&nbsp;<\/h3>\n<table style=\"border-collapse: collapse; width: 99.878%; height: 10px;\">\n<tbody>\n<tr style=\"height: 10px;\">\n<td style=\"width: 29.6342%; height: 10px; text-align: center; vertical-align: middle;\">\n<h6><img loading=\"lazy\" decoding=\"async\" class=\"size-full wp-image-2744 alignnone\" src=\"https:\/\/skiboxsports.kitwebcom.fr\/wp-content\/uploads\/2025\/12\/oxygene-logo-220x50-blue-tagline.png\" alt=\"\" width=\"220\" height=\"50\"><\/h6>\n<\/td>\n<td style=\"width: 70.3658%; height: 10px; text-align: left;\">En r\u00e9servant votre mat\u00e9riel de ski avec nous, vous pouvez b\u00e9n\u00e9ficier<br \/>\nd&rsquo;une r\u00e9duction sur l&rsquo;\u00e9cole de ski &amp; snowboard <strong><span style=\"color: #009fe3;\">OXYGENE<\/span><\/strong><br \/>\n<a href=\"https:\/\/skiboxsports.kitwebcom.fr\/?page_id=98&amp;lang=fr\">Contactez nous<\/a>.<\/td>\n<\/tr>\n<\/tbody>\n<\/table>\n<p>&nbsp;<\/p>\n<h3 style=\"text-align: center;\"><span style=\"color: #ff0000; background-color: #ffff99;\">PROMO EXCEPTIONNELLE<br \/>\n<\/span><br \/>\n<span style=\"color: #ff0000; background-color: #ffff99;\"> Ensemble Sports (Skis+B\u00e2tons+Chaussures) 85 \u20ac LA SEMAINE !<\/span><\/h3>\n<p>&nbsp;<\/p>\n<p>&nbsp;<\/p>\n<h3 style=\"text-align: center;\"><span style=\"color: #ff0000; background-color: #ffff99;\">TARIFS GROUPES :<br \/>\n<\/span><br \/>\n<span style=\"color: #ff0000; background-color: #ffff99;\">&#8211; 20 % \u00e0 partir de 20 personnes<br \/>\n&#8211; 30% \u00e0 partir de 40 personnes<\/span><\/h3>\n<hr>\n<table style=\"background-color: #31a3dd;\" border=\"0\" width=\"100%\" cellspacing=\"0\" cellpadding=\"0\">\n<tbody>\n<tr style=\"background-color: #31a3dd;\">\n<th style=\"background-color: #31a3dd; height: 20px; text-align: center;\" scope=\"col\" bgcolor=\"#003366\" height=\"20\">\n<h3 class=\"Style3\" align=\"center\"><span style=\"color: #ffffff;\"><br \/>\nPRIX POUR 6 OU 7 JOURS<br \/>\n<\/span><\/h3>\n<\/th>\n<\/tr>\n<\/tbody>\n<\/table>\n<table style=\"width: 100%; height: 967px;\" border=\"1\" width=\"100%\" cellspacing=\"0\" cellpadding=\"0\">\n<colgroup>\n<col span=\"2\" width=\"80\">\n<col width=\"183\">\n<col width=\"95\">\n<col width=\"134\"> <\/colgroup>\n<tbody>\n<tr style=\"height: 22px;\">\n<td class=\"readmore\" style=\"width: 65.7381%; text-align: center; vertical-align: middle; height: 44px;\" rowspan=\"2\" width=\"63%\">\n<div class=\"Style23\" align=\"center\"><strong>SKIS &#8211; SNOW BOARD &#8211; SNOWBLADES<\/strong><strong><br \/>\nSKWALL &#8211; MONO SKI &#8211; SNOWSKATE<\/strong><\/div>\n<\/td>\n<td class=\"readmore\" style=\"height: 22px; width: 34.2619%;\" colspan=\"2\">\n<div class=\"Style23\" align=\"center\"><strong>TARIFS A LA SEMAINE<\/strong><\/div>\n<\/td>\n<\/tr>\n<tr style=\"height: 22px;\">\n<td class=\"readmore\" style=\"height: 22px; width: 12.2619%;\" width=\"15%\">\n<div class=\"Style23\" align=\"center\"><strong>COMPLET<\/strong><\/div>\n<\/td>\n<td class=\"readmore\" style=\"height: 22px; width: 22%;\" width=\"22%\">\n<div class=\"Style23\" align=\"center\"><strong>skis\/chaussures<\/strong><\/div>\n<\/td>\n<\/tr>\n<tr style=\"height: 20px;\">\n<td style=\"background-color: #31a3dd; text-align: left; height: 20px; width: 65.7381%;\"><strong>ENSEMBLE SKIS BABY (skis de 67 \u00e0 90 cm )<br \/>\n<\/strong><\/td>\n<td style=\"background-color: #31a3dd; height: 20px; width: 12.2619%;\">\n<div class=\"TitreTAB\" align=\"center\"><strong>45 \u20ac<\/strong><\/div>\n<\/td>\n<td style=\"background-color: #31a3dd; height: 20px; width: 22%;\">&nbsp;<\/td>\n<\/tr>\n<tr style=\"background-color: #fafafa;\">\n<td style=\"text-align: center; height: 20px; width: 65.7381%;\">skis seuls<\/td>\n<td style=\"height: 20px; width: 12.2619%;\">&nbsp;<\/td>\n<td style=\"text-align: center; height: 20px; width: 22%;\">35 \u20ac<\/td>\n<\/tr>\n<tr style=\"height: 20px;\">\n<td style=\"text-align: center; height: 20px; width: 65.7381%;\">chaussures seules<\/td>\n<td style=\"height: 20px; width: 12.2619%;\">&nbsp;<\/td>\n<td style=\"text-align: center; height: 20px; width: 22%;\">35 \u20ac<\/td>\n<\/tr>\n<tr style=\"height: 22px;\" bgcolor=\"#FF66FF\">\n<td class=\"TitreTAB\" style=\"background-color: #31a3dd; text-align: left; height: 22px; width: 65.7381%;\" bgcolor=\"#FF99FF\"><strong>ENSEMBLE SKIS<\/strong><strong> ENFANTS (skis de 100 \u00e0 130 cm )<br \/>\n<\/strong><\/td>\n<td style=\"background-color: #31a3dd; height: 22px; width: 12.2619%;\" bgcolor=\"#FF99FF\">\n<div class=\"TitreTAB\" align=\"center\"><strong>55 \u20ac<br \/>\n<\/strong><\/div>\n<\/td>\n<td style=\"background-color: #31a3dd; height: 22px; width: 22%;\" bgcolor=\"#FF99FF\">&nbsp;<\/td>\n<\/tr>\n<tr class=\"TitreBleu\" style=\"height: 22px;\">\n<td style=\"height: 22px; width: 65.7381%;\">\n<div class=\"TitreBleu\" style=\"text-align: center;\" align=\"right\">skis seuls<\/div>\n<\/td>\n<td style=\"height: 22px; width: 12.2619%;\">&nbsp;<\/td>\n<td style=\"height: 22px; width: 22%;\">\n<div align=\"center\">45 \u20ac<\/div>\n<\/td>\n<\/tr>\n<tr class=\"TitreBleu\" style=\"height: 22px;\">\n<td style=\"height: 22px; width: 65.7381%;\">\n<div style=\"text-align: center;\" align=\"right\">chaussures seules<\/div>\n<\/td>\n<td style=\"height: 22px; width: 12.2619%;\">&nbsp;<\/td>\n<td style=\"height: 22px; width: 22%;\">\n<div class=\"TitreBleu\" align=\"center\">35 \u20ac<\/div>\n<\/td>\n<\/tr>\n<tr class=\"TitreTAB\" style=\"height: 22px;\">\n<td style=\"background-color: #31a3dd; text-align: left; height: 22px; width: 65.7381%;\" bgcolor=\"#FF99FF\"><strong>ENSEMBLE SKIS JUNIORS (skis de 140 \u00e0 150 cm )<\/strong><\/td>\n<td style=\"background-color: #31a3dd; height: 22px; width: 12.2619%;\" bgcolor=\"#FF99FF\">\n<div align=\"center\"><strong>&nbsp;65 \u20ac<br \/>\n<\/strong><\/div>\n<\/td>\n<td style=\"background-color: #31a3dd; height: 22px; width: 22%;\" bgcolor=\"#FF99FF\"><strong>&nbsp;<\/strong><\/td>\n<\/tr>\n<tr class=\"TitreBleu\" style=\"height: 22px;\">\n<td style=\"height: 22px; width: 65.7381%;\">\n<div style=\"text-align: center;\" align=\"right\">skis seuls<\/div>\n<\/td>\n<td style=\"height: 22px; width: 12.2619%;\">&nbsp;<\/td>\n<td style=\"text-align: center; height: 22px; width: 22%;\">55 \u20ac<\/td>\n<\/tr>\n<tr class=\"TitreBleu\" style=\"height: 22px;\">\n<td style=\"height: 22px; width: 65.7381%;\">\n<div style=\"text-align: center;\" align=\"right\">chaussures seules<\/div>\n<\/td>\n<td style=\"height: 22px; width: 12.2619%;\">&nbsp;<\/td>\n<td style=\"text-align: center; height: 22px; width: 22%;\">45 \u20ac<\/td>\n<\/tr>\n<tr class=\"TitreTAB\" style=\"height: 22px;\">\n<td style=\"background-color: #31a3dd; text-align: left; height: 22px; width: 65.7381%;\" bgcolor=\"#FF99FF\"><strong>ENSEMBLE SKIS SPORTS D\u00c9BUTANT<br \/>\n<\/strong><\/td>\n<td style=\"background-color: #31a3dd; height: 22px; width: 12.2619%;\" bgcolor=\"#FF99FF\">\n<div align=\"center\"><span style=\"color: #ff0000;\"><strong>85 \u20ac *<\/strong><\/span><\/div>\n<\/td>\n<td style=\"background-color: #31a3dd; height: 22px; width: 22%;\" bgcolor=\"#FF99FF\"><strong>&nbsp;<\/strong><\/td>\n<\/tr>\n<tr class=\"TitreBleu\" style=\"height: 22px;\">\n<td style=\"height: 22px; width: 65.7381%;\">\n<div style=\"text-align: center;\" align=\"right\">skis seuls<\/div>\n<\/td>\n<td style=\"height: 22px; width: 12.2619%;\">&nbsp;<\/td>\n<td style=\"text-align: center; height: 22px; width: 22%;\">65 \u20ac<\/td>\n<\/tr>\n<tr class=\"TitreBleu\" style=\"height: 22px;\">\n<td style=\"height: 22px; width: 65.7381%;\">\n<div style=\"text-align: center;\" align=\"right\">chaussures seules<\/div>\n<\/td>\n<td style=\"height: 22px; width: 12.2619%;\">&nbsp;<\/td>\n<td style=\"text-align: center; height: 22px; width: 22%;\">50 \u20ac<\/td>\n<\/tr>\n<tr class=\"TitreTAB\" style=\"height: 22px;\">\n<td style=\"background-color: #31a3dd; text-align: left; height: 22px; width: 65.7381%;\" bgcolor=\"#FF99FF\"><strong>ENSEMBLE SKIS \u00c9LITES Gamme rouge<br \/>\n<\/strong><\/td>\n<td style=\"background-color: #31a3dd; text-align: center; height: 22px; width: 12.2619%;\" bgcolor=\"#FF99FF\"><strong>115 \u20ac<\/strong><\/td>\n<td style=\"background-color: #31a3dd; height: 22px; width: 22%;\" bgcolor=\"#FF99FF\"><strong>&nbsp;<\/strong><\/td>\n<\/tr>\n<tr class=\"TitreBleu\" style=\"height: 22px;\">\n<td style=\"height: 22px; width: 65.7381%;\">\n<div style=\"text-align: center;\" align=\"right\">skis seuls<\/div>\n<\/td>\n<td style=\"height: 22px; width: 12.2619%;\">&nbsp;<\/td>\n<td style=\"text-align: center; height: 22px; width: 22%;\">75 \u20ac<\/td>\n<\/tr>\n<tr class=\"TitreBleu\" style=\"height: 22px;\">\n<td style=\"height: 22px; width: 65.7381%;\">\n<div style=\"text-align: center;\" align=\"right\">chaussures seules<\/div>\n<\/td>\n<td style=\"height: 22px; width: 12.2619%;\">&nbsp;<\/td>\n<td style=\"text-align: center; height: 22px; width: 22%;\">50 \u20ac<\/td>\n<\/tr>\n<tr class=\"TitreTAB\" style=\"height: 22px;\">\n<td style=\"background-color: #31a3dd; text-align: left; height: 22px; width: 65.7381%;\" bgcolor=\"#FF99FF\"><strong>ENSEMBLE SKIS EXTR\u00caMES Gamme noire<br \/>\n<\/strong><\/td>\n<td style=\"background-color: #31a3dd; text-align: center; height: 22px; width: 12.2619%;\" bgcolor=\"#FF99FF\"><strong>135 \u20ac<\/strong><\/td>\n<td style=\"background-color: #31a3dd; height: 22px; width: 22%;\" bgcolor=\"#FF99FF\"><strong>&nbsp;<\/strong><\/td>\n<\/tr>\n<tr class=\"TitreBleu\" style=\"height: 22px;\">\n<td style=\"height: 22px; width: 65.7381%;\">\n<div style=\"text-align: center;\" align=\"right\">skis seuls<\/div>\n<\/td>\n<td style=\"height: 22px; width: 12.2619%;\">&nbsp;<\/td>\n<td style=\"text-align: center; height: 22px; width: 22%;\">95 \u20ac<\/td>\n<\/tr>\n<tr class=\"TitreBleu\" style=\"height: 22px;\">\n<td style=\"height: 22px; width: 65.7381%;\">\n<div style=\"text-align: center;\" align=\"right\">chaussures seules<\/div>\n<\/td>\n<td style=\"height: 22px; width: 12.2619%;\">&nbsp;<\/td>\n<td style=\"text-align: center; height: 22px; width: 22%;\">50 \u20ac<\/td>\n<\/tr>\n<tr class=\"TitreTAB\" style=\"height: 22px;\">\n<td style=\"background-color: #31a3dd; text-align: left; height: 22px; width: 65.7381%;\" bgcolor=\"#FF99FF\"><strong>ENSEMBLE SNOWBOARD D\u00c9BUTANT<\/strong><\/td>\n<td style=\"background-color: #31a3dd; height: 22px; text-align: center; width: 12.2619%;\" bgcolor=\"#FF99FF\"><strong>105 \u20ac<\/strong><\/td>\n<td style=\"background-color: #31a3dd; height: 22px; width: 22%;\" bgcolor=\"#FF99FF\"><strong>&nbsp;<\/strong><\/td>\n<\/tr>\n<tr class=\"TitreBleu\" style=\"height: 22px;\">\n<td style=\"height: 22px; width: 65.7381%;\">\n<div style=\"text-align: center;\" align=\"right\">snowboard seul<\/div>\n<\/td>\n<td style=\"height: 22px; width: 12.2619%;\">&nbsp;<\/td>\n<td style=\"height: 22px; text-align: center; width: 22%;\">85 \u20ac<\/td>\n<\/tr>\n<tr class=\"TitreBleu\" style=\"height: 22px;\">\n<td style=\"height: 22px; width: 65.7381%;\">\n<div style=\"text-align: center;\" align=\"right\">chaussures seules<\/div>\n<\/td>\n<td style=\"height: 22px; width: 12.2619%;\">&nbsp;<\/td>\n<td style=\"height: 22px; text-align: center; width: 22%;\">65 \u20ac<\/td>\n<\/tr>\n<tr class=\"TitreTAB\" style=\"height: 22px;\">\n<td style=\"background-color: #31a3dd; text-align: left; height: 22px; width: 65.7381%;\" bgcolor=\"#FF99FF\"><strong>ENSEMBLE SNOWBOARD CONFIRM\u00c9 <\/strong><\/td>\n<td style=\"background-color: #31a3dd; height: 22px; text-align: center; width: 12.2619%;\" bgcolor=\"#FF99FF\"><strong>135 \u20ac<\/strong><\/td>\n<td style=\"background-color: #31a3dd; height: 22px; width: 22%;\" bgcolor=\"#FF99FF\"><strong>&nbsp;<\/strong><\/td>\n<\/tr>\n<tr class=\"TitreBleu\" style=\"height: 22px;\">\n<td style=\"height: 22px; width: 65.7381%;\">\n<div style=\"text-align: center;\" align=\"right\">Snowboard seul<\/div>\n<\/td>\n<td style=\"height: 22px; width: 12.2619%;\">&nbsp;<\/td>\n<td style=\"height: 22px; text-align: center; width: 22%;\">105 \u20ac<\/td>\n<\/tr>\n<tr class=\"TitreBleu\" style=\"height: 22px;\">\n<td style=\"height: 22px; width: 65.7381%;\">\n<div style=\"text-align: center;\" align=\"right\">chaussures seules<\/div>\n<\/td>\n<td style=\"height: 22px; width: 12.2619%;\">&nbsp;<\/td>\n<td style=\"height: 22px; text-align: center; width: 22%;\">65 \u20ac<\/td>\n<\/tr>\n<tr style=\"height: 35px;\">\n<td style=\"background-color: #31a3dd; text-align: left; height: 35px; width: 65.7381%;\"><strong>ENSEMBLE FREE RIDE \/ FREE RANDO<br \/>\n<\/strong><\/td>\n<td style=\"background-color: #31a3dd; text-align: center; height: 35px; width: 12.2619%;\"><strong>160 \u20ac<br \/>\n<\/strong><\/td>\n<td style=\"background-color: #31a3dd; height: 35px; width: 22%;\"><strong>&nbsp;<\/strong><\/td>\n<\/tr>\n<tr style=\"height: 35px;\">\n<td style=\"background-color: #faf7f7; height: 35px; text-align: center; width: 65.7381%;\">seuls<strong><br \/>\n<\/strong><\/td>\n<td style=\"text-align: center; background-color: #faf7f7; height: 35px; width: 12.2619%;\"><strong>&nbsp;<\/strong><\/td>\n<td style=\"background-color: #faf7f7; text-align: center; height: 35px; width: 22%;\">140 \u20ac<\/td>\n<\/tr>\n<tr style=\"height: 35px;\">\n<td style=\"background-color: #faf7f7; height: 35px; text-align: center; width: 65.7381%;\">chaussures seules<strong><br \/>\n<\/strong><\/td>\n<td style=\"text-align: center; background-color: #faf7f7; height: 35px; width: 12.2619%;\"><strong>&nbsp;<\/strong><\/td>\n<td style=\"background-color: #faf7f7; height: 35px; text-align: center; width: 22%;\">50 \u20ac<strong><br \/>\n<\/strong><\/td>\n<\/tr>\n<tr style=\"height: 35px;\">\n<td style=\"background-color: #31a3dd; text-align: left; height: 35px; width: 65.7381%;\"><strong>ENSEMBLE RANDONN\u00c9E ( syst\u00e8me low tech )<br \/>\n<\/strong><\/td>\n<td style=\"background-color: #31a3dd; text-align: center; height: 35px; width: 12.2619%;\"><strong>200 \u20ac<br \/>\n<\/strong><\/td>\n<td style=\"background-color: #31a3dd; height: 35px; width: 22%;\"><strong>&nbsp;<\/strong><\/td>\n<\/tr>\n<tr style=\"height: 20px;\">\n<td style=\"background-color: #faf7f7; height: 20px; text-align: center; width: 65.7381%;\">seuls<\/td>\n<td style=\"text-align: center; background-color: #faf7f7; height: 20px; width: 12.2619%;\"><strong>&nbsp;<\/strong><\/td>\n<td style=\"background-color: #faf7f7; text-align: center; height: 20px; width: 22%;\">160\u20ac<\/td>\n<\/tr>\n<tr style=\"height: 20px;\">\n<td style=\"background-color: #faf7f7; height: 20px; text-align: center; width: 65.7381%;\">chaussures seules<\/td>\n<td style=\"text-align: center; background-color: #faf7f7; height: 20px; width: 12.2619%;\"><strong>&nbsp;<\/strong><\/td>\n<td style=\"background-color: #faf7f7; text-align: center; height: 20px; width: 22%;\">75\u20ac<\/td>\n<\/tr>\n<tr class=\"TitreTAB\" style=\"height: 22px;\">\n<td style=\"background-color: #31a3dd; text-align: left; height: 22px; width: 65.7381%;\" bgcolor=\"#FF99FF\"><strong>LOCATION CASQUE AVEC 1 \u00c9QUIPEMENT (non soumis aux r\u00e9ductions)<br \/>\n<\/strong><\/td>\n<td style=\"background-color: #31a3dd; height: 22px; text-align: center; width: 12.2619%;\" bgcolor=\"#FF99FF\"><strong>10 \u20ac<\/strong><\/td>\n<td style=\"background-color: #31a3dd; height: 22px; width: 22%;\" bgcolor=\"#FF99FF\"><strong>&nbsp;<\/strong><\/td>\n<\/tr>\n<tr class=\"TitreBleu\" style=\"height: 22px;\">\n<td style=\"height: 22px; width: 100%;\" colspan=\"3\">\n<div align=\"right\">&nbsp;<\/div>\n<\/td>\n<\/tr>\n<tr class=\"TitreTAB\" style=\"height: 22px;\">\n<td style=\"background-color: #31a3dd; text-align: left; height: 22px; width: 65.7381%;\" bgcolor=\"#FF99FF\"><strong>LOCATION AVEC CASQUE SEUL<br \/>\n<\/strong><\/td>\n<td style=\"background-color: #31a3dd; height: 22px; text-align: center; width: 12.2619%;\" bgcolor=\"#FF99FF\"><strong>20 \u20ac<\/strong><\/td>\n<td style=\"background-color: #31a3dd; height: 22px; width: 22%;\" bgcolor=\"#FF99FF\"><strong>&nbsp;<\/strong><\/td>\n<\/tr>\n<tr style=\"height: 20px;\">\n<td style=\"height: 20px; width: 65.7381%;\">&nbsp;<\/td>\n<td style=\"height: 20px; width: 12.2619%;\">&nbsp;<\/td>\n<td style=\"height: 20px; width: 22%;\">&nbsp;<\/td>\n<\/tr>\n<tr style=\"height: 20px;\">\n<td style=\"background-color: #31a3dd; text-align: left; height: 20px; width: 65.7381%;\"><strong>LOCATION LUGE (La semaine)<\/strong><\/td>\n<td style=\"background-color: #31a3dd; text-align: center; height: 20px; width: 12.2619%;\"><strong>&nbsp;20 \u20ac<\/strong><\/td>\n<td style=\"background-color: #31a3dd; height: 20px; width: 22%;\"><strong>&nbsp;<\/strong><\/td>\n<\/tr>\n<tr style=\"height: 20px;\">\n<td style=\"height: 20px; width: 65.7381%;\">&nbsp;<\/td>\n<td style=\"height: 20px; width: 12.2619%;\">&nbsp;<\/td>\n<td style=\"height: 20px; width: 22%;\">&nbsp;<\/td>\n<\/tr>\n<tr style=\"height: 20px;\">\n<td style=\"background-color: #31a3dd; text-align: left; height: 20px; width: 65.7381%;\"><strong>LOCATION SNOWSKATE \/ RAQUETTES<br \/>\n<\/strong><\/td>\n<td style=\"background-color: #31a3dd; text-align: center; height: 20px; width: 12.2619%;\"><strong>&nbsp;45 \u20ac<\/strong><\/td>\n<td style=\"background-color: #31a3dd; height: 20px; width: 22%;\"><strong>&nbsp;<\/strong><\/td>\n<\/tr>\n<tr style=\"height: 35px;\">\n<td style=\"height: 35px; width: 100%;\" colspan=\"3\">&nbsp;<\/td>\n<\/tr>\n<\/tbody>\n<\/table>\n<p><span style=\"color: #ff0000;\">(<strong>*<\/strong> prix fixe \u00e0 la saison non soumis aux r\u00e9ductions)<\/span><\/p>\n<hr>\n<h3 style=\"text-align: center;\" align=\"right\"><a class=\"readmore\" href=\"https:\/\/skiboxsports.kitwebcom.fr\/?page_id=113\">nos offres sp\u00e9ciales (uniquement sur r\u00e9servation)&#8230;<\/a><\/h3>\n<hr>\n<p style=\"text-align: center;\" align=\"right\"><strong class=\"TitreBleu\">Nous pratiquons \u00e9galement des tarifs :<\/strong><br \/>\n\u00e0 la 1\/2 journ\u00e9e, \u00e0 la journ\u00e9e, 2 jours, 3 jours \u2026<br \/>\nLes tarifs sont d\u00e9gressifs et donc plus avantageux \u00e0 la semaine.<\/p>\n","protected":false},"excerpt":{"rendered":"<p>&nbsp; En r\u00e9servant votre mat\u00e9riel de ski avec nous, vous pouvez b\u00e9n\u00e9ficier d&rsquo;une r\u00e9duction sur l&rsquo;\u00e9cole de ski &amp; snowboard OXYGENE Contactez nous. &nbsp; PROMO EXCEPTIONNELLE Ensemble Sports (Skis+B\u00e2tons+Chaussures) 85 \u20ac LA SEMAINE ! &nbsp; &nbsp; TARIFS GROUPES : &#8211; 20 % \u00e0 partir de 20 personnes &#8211; 30% \u00e0 partir de 40 personnes PRIX\u2026<\/p>\n","protected":false},"author":1,"featured_media":0,"parent":0,"menu_order":0,"comment_status":"closed","ping_status":"closed","template":"fullwidth.php","meta":{"_exactmetrics_skip_tracking":false,"_exactmetrics_sitenote_active":false,"_exactmetrics_sitenote_note":"","_exactmetrics_sitenote_category":0,"ngg_post_thumbnail":0,"footnotes":""},"class_list":["post-115","page","type-page","status-publish","hentry"],"_links":{"self":[{"href":"https:\/\/skiboxsports.kitwebcom.fr\/index.php?rest_route=\/wp\/v2\/pages\/115","targetHints":{"allow":["GET"]}}],"collection":[{"href":"https:\/\/skiboxsports.kitwebcom.fr\/index.php?rest_route=\/wp\/v2\/pages"}],"about":[{"href":"https:\/\/skiboxsports.kitwebcom.fr\/index.php?rest_route=\/wp\/v2\/types\/page"}],"author":[{"embeddable":true,"href":"https:\/\/skiboxsports.kitwebcom.fr\/index.php?rest_route=\/wp\/v2\/users\/1"}],"replies":[{"embeddable":true,"href":"https:\/\/skiboxsports.kitwebcom.fr\/index.php?rest_route=%2Fwp%2Fv2%2Fcomments&post=115"}],"version-history":[{"count":65,"href":"https:\/\/skiboxsports.kitwebcom.fr\/index.php?rest_route=\/wp\/v2\/pages\/115\/revisions"}],"predecessor-version":[{"id":2761,"href":"https:\/\/skiboxsports.kitwebcom.fr\/index.php?rest_route=\/wp\/v2\/pages\/115\/revisions\/2761"}],"wp:attachment":[{"href":"https:\/\/skiboxsports.kitwebcom.fr\/index.php?rest_route=%2Fwp%2Fv2%2Fmedia&parent=115"}],"curies":[{"name":"wp","href":"https:\/\/api.w.org\/{rel}","templated":true}]}}