{"id":144,"date":"2015-09-21T18:16:28","date_gmt":"2015-09-21T17:16:28","guid":{"rendered":"https:\/\/skiboxsports.kitwebcom.fr\/?page_id=144"},"modified":"2025-06-04T18:05:40","modified_gmt":"2025-06-04T17:05:40","slug":"la-station","status":"publish","type":"page","link":"https:\/\/skiboxsports.kitwebcom.fr\/?page_id=144&lang=fr","title":{"rendered":"La Station"},"content":{"rendered":"<table>\n<tbody>\n<tr>\n<td style=\"width: 384.683px;\"><img loading=\"lazy\" decoding=\"async\" class=\"size-medium wp-image-847 aligncenter\" src=\"https:\/\/skiboxsports.kitwebcom.fr\/wp-content\/uploads\/2015\/09\/FriendlyMenuires_logotype_horizontal_couleur-300x120.jpg\" alt=\"\" width=\"300\" height=\"120\" srcset=\"https:\/\/skiboxsports.kitwebcom.fr\/wp-content\/uploads\/2015\/09\/FriendlyMenuires_logotype_horizontal_couleur-300x120.jpg 300w, https:\/\/skiboxsports.kitwebcom.fr\/wp-content\/uploads\/2015\/09\/FriendlyMenuires_logotype_horizontal_couleur-768x306.jpg 768w, https:\/\/skiboxsports.kitwebcom.fr\/wp-content\/uploads\/2015\/09\/FriendlyMenuires_logotype_horizontal_couleur.jpg 1000w\" sizes=\"auto, (max-width: 300px) 100vw, 300px\" \/><\/td>\n<td style=\"width: 417.317px; text-align: center; vertical-align: middle;\"><img loading=\"lazy\" decoding=\"async\" class=\"wp-image-858 aligncenter\" src=\"https:\/\/skiboxsports.kitwebcom.fr\/wp-content\/uploads\/2015\/09\/FriendlyMenuires_accroche_cmjn-300x120.png\" alt=\"\" width=\"235\" height=\"66\"><\/td>\n<\/tr>\n<\/tbody>\n<\/table>\n<p><strong>T\u00e9l\u00e9charger le dossier de presse&nbsp; :<\/strong> <a href=\"https:\/\/skiboxsports.kitwebcom.fr\/wp-content\/uploads\/2018\/11\/DP_menuires_BD_FR.pdf\" target=\"_blank\" rel=\"noopener noreferrer\">Dossier en Fran\u00e7ais<\/a> |&nbsp; <a href=\"https:\/\/skiboxsports.kitwebcom.fr\/wp-content\/uploads\/2018\/11\/DP_menuires_BD_GB.pdf\" target=\"_blank\" rel=\"noopener noreferrer\">Dossier en Anglais<\/a><\/p>\n<p>&nbsp;<\/p>\n<p>\n\n\n\n<p><strong><br>LES MENUIRES, LA GRANDE STATION DES 3 VALL\u00c9ES POUR DE GRANDS PLAISIRS<\/strong><\/p>\n<p>Situ\u00e9e au coeur des 3 Vall\u00e9es, \u00e0 1 850m d\u2019altitude, Les Menuires offre un cadre id\u00e9al pour explorer le plus grand domaine skiable du monde et ses 600 km de pistes.<\/p>\n<p style=\"text-align: justify;\"><strong>Les Menuires, les grands plaisirs <span style=\"color: #ff0000;\">en toute simplicit\u00e9<\/span><\/strong><br>Les Menuires est une v\u00e9ritable station \u00ab ski au pied \u00bb o\u00f9 tout est pens\u00e9 pour faciliter les vacances, afin que chacun profite au maximum de son s\u00e9jour et de la montagne. Avec une large gamme d\u2019h\u00e9bergements \u2013 de l\u2019appartement standard \u00e0 l\u2019h\u00f4tel 4 \u00e9toiles avec piscine et spa \u2013 Les Menuires garantissent du grand ski dans les 3 Vall\u00e9es pour tous les budgets. Accessible et conviviale, chacun y trouve sa place facilement !<\/p>\n<p style=\"text-align: justify;\"><strong>Les Menuires, les grands plaisirs <span style=\"color: #ff0000;\">pour tous<\/span><\/strong><br>Station internationale, Les Menuires accueille chaque hiver plus de 20 nationalit\u00e9s diff\u00e9rentes, qui tous l\u2019appr\u00e9cient pour sa g\u00e9n\u00e9rosit\u00e9. On aime son large choix d\u2019activit\u00e9s ski et hors-ski (VTT sur neige, piste de luge sur rail et sur neige naturelle), la beaut\u00e9 de ses panoramas \u00e0 360\u00b0 sur la cha\u00eene des Alpes (Sommet du Mont de la Chambre et Point de la Masse), ses animations qui rythment toute la saison (descentes aux flambeaux, spectacles pour enfants, atelier de sculpture sur neige), ses restaurants et ses spas de qualit\u00e9 (deux centres aqualudiques et de bien-\u00eatre).<\/p>\n<p style=\"text-align: justify;\"><strong>Les Menuires, les grands plaisirs <span style=\"color: #ff0000;\">en famille<\/span><\/strong><br>Labellis\u00e9e Famille Plus, elle offre de nombreuses activit\u00e9s et services pour les enfants et les touts-petits : deux villages \u00ab Piou Piou \u00bb dont 1 accessible d\u00e8s 3 mois, le forfait gratuit pour les moins de 5 ans, des zones ludiques \u00e0 ski comme le Walibi Gliss\u2019 et le Mini KL, un Ch\u00e2teau de la Glisse (zone de luge s\u00e9curis\u00e9e), un Fun Park avec structure tubulaire de 500 m2\u2026 sans oublier le Pass Famille qui permet aux parents de skier au tarif enfant !<\/p>\n<p style=\"text-align: justify;\"><strong>Les Menuires, les grands plaisirs <span style=\"color: #ff0000;\">\u00e0 partager<\/span><\/strong><br>Aux Menuires, les moniteurs de ski, les commer\u00e7ants, les h\u00e9bergeurs sont tous pour la plupart des gens du pays, et leur accueil fait la diff\u00e9rence ! Ils aiment partager leur amour pour cette Vall\u00e9e qui, en 50 ans, a connu une \u00e9volution fulgurante. Attach\u00e9s \u00e0 leurs terres, ils restent soud\u00e9s, fiers de leurs racines. Ils partagent aujourd\u2019hui leur passion de la montagne avec les vacanciers et ont fait de leur station la destination la plus conviviale des 3 vall\u00e9es, une station o\u00f9 tout est possible.<\/p>\n<p style=\"text-align: justify;\"><strong>Les Menuires, les grands plaisirs <span style=\"color: #ff0000;\">sportifs<\/span><\/strong><br>Au coeur des 3 Vall\u00e9es, Les Menuires offre des possibilit\u00e9s de glisse quasi infinies : 160 km de pistes pr\u00e9par\u00e9es, un domaine hors-piste d\u2019exception, des espaces am\u00e9nag\u00e9s pour vivre des exp\u00e9riences m\u00e9morables : freestyle et boardercross au BK Park, sauts spectaculaires en toute s\u00e9curit\u00e9 avec le Big Air Bag, \u2026 Toutes les sensations de la montagne sont \u00e0 port\u00e9e de ski ! C\u2019est \u00e9galement le terrain de jeu de grands rendez-vous sportifs comme le Tournoi des 6 stations (rugby sur neige), le Skiopen Coq d\u2019Or (Championnat de France de ski alpin pour les jeunes de 10 \u00e0 14 ans), ou le Derby BON APPETIT organis\u00e9 par deux freeriders de la station.<\/p>\n<p style=\"text-align: justify;\"><strong>Les Menuires, les grands plaisirs <span style=\"color: #ff0000;\">garantis<\/span><\/strong><br>Station de haute altitude avec un enneigement exceptionnel et premi\u00e8re station \u00e0 avoir propos\u00e9 le contrat \u00ab neige garantie \u00bb, les Menuires offre un rapport qualit\u00e9 \/ prix imbattable \u00e0 tous les niveaux. Domaine skiable, \u00e9quipements de pointe, large gamme d\u2019h\u00e9bergements et de restauration, la station s\u2019engage \u00e0 proposer le meilleur de la montagne pour tous les budgets, avec une seule ambition : vous permettre de vivre un s\u00e9jour en grand.<\/p>\n<p style=\"text-align: justify;\"><strong><a href=\"https:\/\/skiboxsports.kitwebcom.fr\/?page_id=55\">Des liens utiles<\/a><\/strong> : acc\u00e8s direct au lien les plus utiles, t\u00e9l\u00e9chargez l&rsquo;application smartphone \u00ab\u00a0Les Menuires\u00a0\u00bb pour vous situer sur les pistes, consulter la m\u00e9t\u00e9o et bien plus encore&#8230;<\/p>\n<p>&nbsp;<\/p>\n\n\n<div class=\"wp-block-buttons is-layout-flex wp-block-buttons-is-layout-flex\">\n<div class=\"wp-block-button\"><a class=\"wp-block-button__link wp-element-button\" href=\"https:\/\/lesmenuires.com\/fr\/\" target=\"_blank\" rel=\"noreferrer noopener\">St-Martin-de-Belleville &#8211; Les 3 Vall\u00e9es<\/a><\/div>\n<\/div>\n","protected":false},"excerpt":{"rendered":"<p>T\u00e9l\u00e9charger le dossier de presse&nbsp; : Dossier en Fran\u00e7ais |&nbsp; Dossier en Anglais &nbsp; LES MENUIRES, LA GRANDE STATION DES 3 VALL\u00c9ES POUR DE GRANDS PLAISIRS Situ\u00e9e au coeur des 3 Vall\u00e9es, \u00e0 1 850m d\u2019altitude, Les Menuires offre un cadre id\u00e9al pour explorer le plus grand domaine skiable du monde et ses 600 km\u2026<\/p>\n","protected":false},"author":1,"featured_media":0,"parent":0,"menu_order":0,"comment_status":"closed","ping_status":"closed","template":"fullwidth.php","meta":{"_exactmetrics_skip_tracking":false,"_exactmetrics_sitenote_active":false,"_exactmetrics_sitenote_note":"","_exactmetrics_sitenote_category":0,"ngg_post_thumbnail":0,"footnotes":""},"class_list":["post-144","page","type-page","status-publish","hentry"],"_links":{"self":[{"href":"https:\/\/skiboxsports.kitwebcom.fr\/index.php?rest_route=\/wp\/v2\/pages\/144","targetHints":{"allow":["GET"]}}],"collection":[{"href":"https:\/\/skiboxsports.kitwebcom.fr\/index.php?rest_route=\/wp\/v2\/pages"}],"about":[{"href":"https:\/\/skiboxsports.kitwebcom.fr\/index.php?rest_route=\/wp\/v2\/types\/page"}],"author":[{"embeddable":true,"href":"https:\/\/skiboxsports.kitwebcom.fr\/index.php?rest_route=\/wp\/v2\/users\/1"}],"replies":[{"embeddable":true,"href":"https:\/\/skiboxsports.kitwebcom.fr\/index.php?rest_route=%2Fwp%2Fv2%2Fcomments&post=144"}],"version-history":[{"count":37,"href":"https:\/\/skiboxsports.kitwebcom.fr\/index.php?rest_route=\/wp\/v2\/pages\/144\/revisions"}],"predecessor-version":[{"id":2726,"href":"https:\/\/skiboxsports.kitwebcom.fr\/index.php?rest_route=\/wp\/v2\/pages\/144\/revisions\/2726"}],"wp:attachment":[{"href":"https:\/\/skiboxsports.kitwebcom.fr\/index.php?rest_route=%2Fwp%2Fv2%2Fmedia&parent=144"}],"curies":[{"name":"wp","href":"https:\/\/api.w.org\/{rel}","templated":true}]}}