{"id":200,"date":"2015-09-23T12:38:36","date_gmt":"2015-09-23T11:38:36","guid":{"rendered":"https:\/\/skiboxsports.kitwebcom.fr\/?page_id=200"},"modified":"2017-11-01T14:55:01","modified_gmt":"2017-11-01T13:55:01","slug":"mentions-legales","status":"publish","type":"page","link":"https:\/\/skiboxsports.kitwebcom.fr\/?page_id=200&lang=fr","title":{"rendered":"Mentions l\u00e9gales"},"content":{"rendered":"<p><span style=\"font-size: 20px;\"><strong>H\u00e9bergement<\/strong><\/span><\/p>\n<ul>\n<li>Le site SKI BOX SPORTS (http:\/\/www.skiboxsports.com)<br \/>\nest h\u00e9berg\u00e9 par <a href=\"http:\/\/o2switch.fr\" target=\"_blank\" rel=\"noopener\">O2SWITCH<\/a><\/li>\n<\/ul>\n<p>&nbsp;<\/p>\n<p><span style=\"font-size: 20px;\"><strong>Protection des donn\u00e9es<\/strong><\/span><\/p>\n<ul>\n<li>Les adresses E-Mail, les photos ainsi que les coordonn\u00e9es, utilis\u00e9es sur des articles diffus\u00e9s sur le site SKI BOX SPORTS ne sont jamais pr\u00eat\u00e9es, lou\u00e9es ou vendues \u00e0 d&rsquo;autres soci\u00e9t\u00e9s.<\/li>\n<\/ul>\n<ul>\n<li>En application de la loi informatique et libert\u00e9 du 6 Janvier 1978, art L.27, vous disposez d&rsquo;un droit d&rsquo;acc\u00e8s, de rectification et suppression aux donn\u00e9es vous concernant sur le site.<\/li>\n<\/ul>\n<p>&nbsp;<\/p>\n<p><span style=\"font-size: 20px;\"><strong>Pour faire valoir ce droit, vous pouvez nous contacter :<\/strong><\/span><\/p>\n<ul>\n<li>Par E-mail : <a href=\"mailto:contact@skiboxsports.com\">contact@skiboxsports.com<\/a><\/li>\n<li>Par courrier postal \u00e0 l&rsquo;adresse suivante :<\/li>\n<\/ul>\n<blockquote><p><strong>Sarl Hams<br \/>\nLa Croisette aux Menuires<br \/>\nBP 38<br \/>\n73440 les Menuires<\/strong><\/p><\/blockquote>\n","protected":false},"excerpt":{"rendered":"<p>H\u00e9bergement Le site SKI BOX SPORTS (http:\/\/www.skiboxsports.com) est h\u00e9berg\u00e9 par O2SWITCH &nbsp; Protection des donn\u00e9es Les adresses E-Mail, les photos ainsi que les coordonn\u00e9es, utilis\u00e9es sur des articles diffus\u00e9s sur le site SKI BOX SPORTS ne sont jamais pr\u00eat\u00e9es, lou\u00e9es ou vendues \u00e0 d&rsquo;autres soci\u00e9t\u00e9s. En application de la loi informatique et libert\u00e9 du 6\u2026<\/p>\n","protected":false},"author":1,"featured_media":0,"parent":0,"menu_order":0,"comment_status":"closed","ping_status":"closed","template":"fullwidth.php","meta":{"_exactmetrics_skip_tracking":false,"_exactmetrics_sitenote_active":false,"_exactmetrics_sitenote_note":"","_exactmetrics_sitenote_category":0,"ngg_post_thumbnail":0,"footnotes":""},"class_list":["post-200","page","type-page","status-publish","hentry"],"_links":{"self":[{"href":"https:\/\/skiboxsports.kitwebcom.fr\/index.php?rest_route=\/wp\/v2\/pages\/200","targetHints":{"allow":["GET"]}}],"collection":[{"href":"https:\/\/skiboxsports.kitwebcom.fr\/index.php?rest_route=\/wp\/v2\/pages"}],"about":[{"href":"https:\/\/skiboxsports.kitwebcom.fr\/index.php?rest_route=\/wp\/v2\/types\/page"}],"author":[{"embeddable":true,"href":"https:\/\/skiboxsports.kitwebcom.fr\/index.php?rest_route=\/wp\/v2\/users\/1"}],"replies":[{"embeddable":true,"href":"https:\/\/skiboxsports.kitwebcom.fr\/index.php?rest_route=%2Fwp%2Fv2%2Fcomments&post=200"}],"version-history":[{"count":8,"href":"https:\/\/skiboxsports.kitwebcom.fr\/index.php?rest_route=\/wp\/v2\/pages\/200\/revisions"}],"predecessor-version":[{"id":1222,"href":"https:\/\/skiboxsports.kitwebcom.fr\/index.php?rest_route=\/wp\/v2\/pages\/200\/revisions\/1222"}],"wp:attachment":[{"href":"https:\/\/skiboxsports.kitwebcom.fr\/index.php?rest_route=%2Fwp%2Fv2%2Fmedia&parent=200"}],"curies":[{"name":"wp","href":"https:\/\/api.w.org\/{rel}","templated":true}]}}