{"id":42,"date":"2015-09-14T18:05:08","date_gmt":"2015-09-14T17:05:08","guid":{"rendered":"https:\/\/skiboxsports.kitwebcom.fr\/?page_id=42"},"modified":"2025-12-14T10:52:41","modified_gmt":"2025-12-14T09:52:41","slug":"location","status":"publish","type":"page","link":"https:\/\/skiboxsports.kitwebcom.fr\/?page_id=42&lang=fr","title":{"rendered":"Location"},"content":{"rendered":"<table style=\"border-collapse: collapse; width: 99.4048%; height: 93px;\">\n<tbody>\n<tr style=\"height: 93px;\">\n<td style=\"width: 100%; border-style: none; height: 93px;\">\n<table style=\"border-collapse: collapse; width: 99.878%; height: 10px;\">\n<tbody>\n<tr style=\"height: 10px;\">\n<td style=\"width: 29.6342%; height: 10px; text-align: center; vertical-align: middle;\">\n<h6><img loading=\"lazy\" decoding=\"async\" class=\"size-full wp-image-2744 alignnone\" src=\"https:\/\/skiboxsports.kitwebcom.fr\/wp-content\/uploads\/2025\/12\/oxygene-logo-220x50-blue-tagline.png\" alt=\"\" width=\"220\" height=\"50\"><\/h6>\n<\/td>\n<td style=\"width: 70.3658%; height: 10px; text-align: left;\">En r\u00e9servant votre mat\u00e9riel de ski avec nous, vous pouvez b\u00e9n\u00e9ficier<br \/>\nd&rsquo;une r\u00e9duction sur l&rsquo;\u00e9cole de ski &amp; snowboard <strong><span style=\"color: #009fe3;\">OXYGENE<\/span><\/strong><br \/>\n<a href=\"https:\/\/skiboxsports.kitwebcom.fr\/?page_id=98&amp;lang=fr\">Contactez nous<\/a>.<\/td>\n<\/tr>\n<\/tbody>\n<\/table>\n<\/td>\n<\/tr>\n<\/tbody>\n<\/table>\n<p>&nbsp;<\/p>\n<p><span style=\"font-size: 20px;\"><strong><span style=\"color: #ff0000;\">PROMO EXCEPTIONNELLE :<\/span><\/strong><\/span><br \/>\n<span style=\"font-size: 20px;\"> <strong>Ensemble Sports (Skis+B\u00e2tons+Chaussures) <span style=\"color: #ff0000;\">85&nbsp;\u20ac LA SEMAINE !<\/span><\/strong><\/span><\/p>\n<p>La gamme ski se divise en trois cat\u00e9gories :<\/p>\n<p>&#8211; <strong>SKIS SPORTS<\/strong> (pour d\u00e9butants ou peu exp\u00e9riment\u00e9s)<\/p>\n<p>&#8211; <strong>SKIS ELITES<\/strong> (pour bons skieurs)<\/p>\n<p>&#8211; <strong>SKIS EXTREMES<\/strong> (confort &amp; nouveaut\u00e9s)<\/p>\n<p>Nous sommes l\u00e0 pour vous indiquer quel est le mat\u00e9riel qui vous conviendra le mieux suivant votre niveau et suivant votre envie de progresser ou non, car le ski ne doit pas \u00eatre une contrainte mais un plaisir.<\/p>\n<p><a href=\"https:\/\/skiboxsports.kitwebcom.fr\/?page_id=115\">nos tarifs&#8230;<\/a><\/p>\n<p>Plus de probl\u00e8me de pieds froids ou humides&#8230;<br \/>\nChez ski box sports on s\u00e8che vos chaussures tous les jours !<\/p>\n<table style=\"height: 45px;\" width=\"1366\">\n<tbody>\n<tr>\n<td><a href=\"https:\/\/skiboxsports.kitwebcom.fr\/wp-content\/uploads\/2015\/09\/fart-ecolo.png\"><img loading=\"lazy\" decoding=\"async\" class=\"aligncenter wp-image-210 size-medium\" src=\"https:\/\/skiboxsports.kitwebcom.fr\/wp-content\/uploads\/2015\/09\/fart-ecolo-212x300.png\" alt=\"fart ecolo\" width=\"212\" height=\"300\" srcset=\"https:\/\/skiboxsports.kitwebcom.fr\/wp-content\/uploads\/2015\/09\/fart-ecolo-212x300.png 212w, https:\/\/skiboxsports.kitwebcom.fr\/wp-content\/uploads\/2015\/09\/fart-ecolo.png 595w\" sizes=\"auto, (max-width: 212px) 100vw, 212px\" \/><\/a><\/td>\n<td style=\"text-align: center; vertical-align: middle;\">\n<h2 style=\"text-align: center;\"><span style=\"color: #008000;\">Ski Box Sports 100% efficace !<\/span><\/h2>\n<h4 style=\"text-align: center;\"><span style=\"color: #008000;\">Fartage des skis et Snowboards<br \/>\n<\/span><\/h4>\n<h4 style=\"text-align: center;\"><span style=\"color: #008000;\">D\u00e9sinfection du mat\u00e9riel<\/span><\/h4>\n<\/td>\n<\/tr>\n<\/tbody>\n<\/table>\n","protected":false},"excerpt":{"rendered":"<p>En r\u00e9servant votre mat\u00e9riel de ski avec nous, vous pouvez b\u00e9n\u00e9ficier d&rsquo;une r\u00e9duction sur l&rsquo;\u00e9cole de ski &amp; snowboard OXYGENE Contactez nous. &nbsp; PROMO EXCEPTIONNELLE : Ensemble Sports (Skis+B\u00e2tons+Chaussures) 85&nbsp;\u20ac LA SEMAINE ! La gamme ski se divise en trois cat\u00e9gories : &#8211; SKIS SPORTS (pour d\u00e9butants ou peu exp\u00e9riment\u00e9s) &#8211; SKIS ELITES (pour bons\u2026<\/p>\n","protected":false},"author":1,"featured_media":0,"parent":0,"menu_order":0,"comment_status":"closed","ping_status":"closed","template":"fullwidth.php","meta":{"_exactmetrics_skip_tracking":false,"_exactmetrics_sitenote_active":false,"_exactmetrics_sitenote_note":"","_exactmetrics_sitenote_category":0,"ngg_post_thumbnail":0,"footnotes":""},"class_list":["post-42","page","type-page","status-publish","hentry"],"_links":{"self":[{"href":"https:\/\/skiboxsports.kitwebcom.fr\/index.php?rest_route=\/wp\/v2\/pages\/42","targetHints":{"allow":["GET"]}}],"collection":[{"href":"https:\/\/skiboxsports.kitwebcom.fr\/index.php?rest_route=\/wp\/v2\/pages"}],"about":[{"href":"https:\/\/skiboxsports.kitwebcom.fr\/index.php?rest_route=\/wp\/v2\/types\/page"}],"author":[{"embeddable":true,"href":"https:\/\/skiboxsports.kitwebcom.fr\/index.php?rest_route=\/wp\/v2\/users\/1"}],"replies":[{"embeddable":true,"href":"https:\/\/skiboxsports.kitwebcom.fr\/index.php?rest_route=%2Fwp%2Fv2%2Fcomments&post=42"}],"version-history":[{"count":31,"href":"https:\/\/skiboxsports.kitwebcom.fr\/index.php?rest_route=\/wp\/v2\/pages\/42\/revisions"}],"predecessor-version":[{"id":2760,"href":"https:\/\/skiboxsports.kitwebcom.fr\/index.php?rest_route=\/wp\/v2\/pages\/42\/revisions\/2760"}],"wp:attachment":[{"href":"https:\/\/skiboxsports.kitwebcom.fr\/index.php?rest_route=%2Fwp%2Fv2%2Fmedia&parent=42"}],"curies":[{"name":"wp","href":"https:\/\/api.w.org\/{rel}","templated":true}]}}