{"id":44,"date":"2015-09-14T18:05:39","date_gmt":"2015-09-14T17:05:39","guid":{"rendered":"https:\/\/skiboxsports.kitwebcom.fr\/?page_id=44"},"modified":"2025-05-20T18:01:49","modified_gmt":"2025-05-20T17:01:49","slug":"reparation","status":"publish","type":"page","link":"https:\/\/skiboxsports.kitwebcom.fr\/?page_id=44&lang=fr","title":{"rendered":"R\u00e9paration"},"content":{"rendered":"<table style=\"height: 45px;\" width=\"1366\">\n<tbody>\n<tr>\n<td><a href=\"https:\/\/skiboxsports.kitwebcom.fr\/wp-content\/uploads\/2015\/09\/fart-ecolo.png\"><img loading=\"lazy\" decoding=\"async\" class=\"aligncenter wp-image-210 size-medium\" src=\"https:\/\/skiboxsports.kitwebcom.fr\/wp-content\/uploads\/2015\/09\/fart-ecolo-212x300.png\" alt=\"fart ecolo\" width=\"212\" height=\"300\" srcset=\"https:\/\/skiboxsports.kitwebcom.fr\/wp-content\/uploads\/2015\/09\/fart-ecolo-212x300.png 212w, https:\/\/skiboxsports.kitwebcom.fr\/wp-content\/uploads\/2015\/09\/fart-ecolo.png 595w\" sizes=\"auto, (max-width: 212px) 100vw, 212px\" \/><\/a><\/td>\n<td>\n<h2 style=\"text-align: center;\"><span style=\"color: #008000;\">Ski Box Sports , 100% efficace !<\/span><\/h2>\n<h4 style=\"text-align: center;\"><span style=\"color: #008000;\">Fartage des skis et Snowboards<br \/>\n<\/span><\/h4>\n<h4 style=\"text-align: center;\"><span style=\"color: #008000;\">D\u00e9sinfection du mat\u00e9riel<\/span><\/h4>\n<p style=\"text-align: center;\">Avec la r\u00e9paration vous entrez dans la partie que nous pr\u00e9f\u00e9rons dans le m\u00e9tier.<\/p>\n<p style=\"text-align: center;\">Nous sommes effectivement un magasin de location et de vente de mat\u00e9riel<br \/>\nce qui fait de nous des commer\u00e7ants,<br \/>\nmais la partie r\u00e9paration confirme notre m\u00e9tier d&rsquo;artisan<br \/>\net c\u2019est de loin notre domaine de pr\u00e9dilection.<\/p>\n<\/td>\n<\/tr>\n<\/tbody>\n<\/table>\n<p class=\"Style1\" style=\"text-align: center;\"><strong>TARIFS DES DIFF\u00c9RENTS SERVICES DE R\u00c9PARATION<\/strong><\/p>\n<table style=\"border-color: #31a3dd;\" border=\"1\" width=\"100%\" cellspacing=\"0\" cellpadding=\"0\">\n<colgroup>\n<col width=\"277\">\n<col width=\"77\">\n<col width=\"98\"> <\/colgroup>\n<tbody>\n<tr style=\"height: 33.8px;\">\n<td style=\"background-color: #31a3dd; text-align: center; height: 33.8px; vertical-align: middle;\"><span style=\"color: #ffffff;\"><strong>TRAVAUX<\/strong><\/span><\/td>\n<td style=\"background-color: #31a3dd; text-align: center; height: 33.8px; vertical-align: middle;\">\n<div align=\"center\"><span style=\"color: #ffffff;\"><strong>SKIS<\/strong><\/span><\/div>\n<\/td>\n<td style=\"background-color: #31a3dd; text-align: center; height: 33.8px; vertical-align: middle;\">\n<div align=\"center\"><span style=\"color: #ffffff;\"><strong>SNOWBOARD<\/strong><\/span><\/div>\n<\/td>\n<\/tr>\n<tr style=\"height: 28px;\">\n<td style=\"text-align: center; height: 28px;\"><strong> FARTAGE <span style=\"color: #008000;\">(produit 100% biod\u00e9gradable)<\/span><br \/>\n<\/strong><\/td>\n<td style=\"height: 28px;\">\n<div align=\"center\"><strong>10 \u20ac<\/strong><\/div>\n<\/td>\n<td style=\"height: 28px;\">\n<div align=\"center\"><strong>10 \u20ac<\/strong><\/div>\n<\/td>\n<\/tr>\n<tr style=\"height: 28px;\">\n<td style=\"text-align: center; height: 28px;\"><strong>AFFUTAGE ( des carres )<\/strong><\/td>\n<td style=\"height: 28px;\">\n<div align=\"center\"><strong>10 \u20ac<\/strong><\/div>\n<\/td>\n<td style=\"height: 28px;\">\n<div align=\"center\"><strong>10 \u20ac<\/strong><\/div>\n<\/td>\n<\/tr>\n<tr style=\"height: 28px;\">\n<td style=\"text-align: center; height: 28px;\"><strong>AFFUTAGE + FARTAGE<\/strong><\/td>\n<td style=\"height: 28px;\">\n<div align=\"center\"><strong>18 \u20ac<\/strong><\/div>\n<\/td>\n<td style=\"height: 28px;\">\n<div align=\"center\"><strong>18 \u20ac<\/strong><\/div>\n<\/td>\n<\/tr>\n<tr style=\"height: 28px;\">\n<td style=\"text-align: center; height: 28px;\"><strong>COMPLET (semelle avec affutage et fartage)<\/strong><\/td>\n<td style=\"height: 28px;\">\n<div align=\"center\"><strong>28 \u20ac<\/strong><\/div>\n<\/td>\n<td style=\"height: 28px;\">\n<div align=\"center\"><strong>28 \u20ac<\/strong><\/div>\n<\/td>\n<\/tr>\n<tr style=\"height: 28px;\">\n<td style=\"text-align: center; height: 28px;\"><strong>AFFUTAGE COMP\u00c9TITION<\/strong><\/td>\n<td style=\"height: 28px;\">\n<div align=\"center\"><strong>20 \u20ac<\/strong><\/div>\n<\/td>\n<td style=\"height: 28px;\">\n<div align=\"center\"><strong>20 \u20ac<\/strong><\/div>\n<\/td>\n<\/tr>\n<tr style=\"height: 28px;\">\n<td style=\"text-align: center; height: 28px;\"><strong>FARTAGE COMP\u00c9TITION<\/strong><\/td>\n<td style=\"height: 28px;\">\n<div align=\"center\"><strong>20 \u20ac<\/strong><\/div>\n<\/td>\n<td style=\"height: 28px;\">\n<div align=\"center\"><strong>20 \u20ac<\/strong><\/div>\n<\/td>\n<\/tr>\n<tr style=\"height: 28px;\">\n<td style=\"text-align: center; height: 28px;\"><strong>MONTAGE DE FIXATION<\/strong><\/td>\n<td style=\"height: 28px;\">\n<div align=\"center\"><strong>25 \u20ac<\/strong><\/div>\n<\/td>\n<td style=\"height: 28px;\">\n<div align=\"center\"><strong>offert<\/strong><\/div>\n<\/td>\n<\/tr>\n<tr style=\"height: 28px;\">\n<td style=\"text-align: center; height: 28px;\"><strong>R\u00c9GLAGE DES FIXATIONS<\/strong><\/td>\n<td style=\"height: 28px;\">\n<div align=\"center\"><strong>offert<\/strong><\/div>\n<\/td>\n<td style=\"height: 28px;\">\n<div align=\"center\"><strong>offert<\/strong><\/div>\n<\/td>\n<\/tr>\n<tr style=\"height: 28px;\">\n<td style=\"text-align: center; height: 28px;\"><strong>D\u00c9PLACEMENT DE FIXATION<\/strong><\/td>\n<td style=\"height: 28px;\">\n<div align=\"center\"><strong>25 \u20ac<\/strong><\/div>\n<\/td>\n<td style=\"height: 28px;\">\n<div align=\"center\"><strong>offert<\/strong><\/div>\n<\/td>\n<\/tr>\n<tr style=\"height: 28px;\">\n<td style=\"text-align: center; height: 28px;\"><strong>CHANGEMENT DE RONDELLES DE B\u00c2TONS<\/strong><\/td>\n<td style=\"height: 28px;\">\n<div align=\"center\"><strong>5 \u20ac<\/strong><\/div>\n<\/td>\n<td style=\"height: 56px;\" rowspan=\"2\">&nbsp;<\/td>\n<\/tr>\n<tr style=\"height: 28px;\">\n<td style=\"text-align: center; height: 28px;\"><strong>DRAGONNES DE B\u00c2TONS<\/strong><\/td>\n<td style=\"height: 28px;\">\n<div align=\"center\"><strong>5 \u20ac<\/strong><\/div>\n<\/td>\n<\/tr>\n<\/tbody>\n<\/table>\n<p style=\"text-align: left;\">Ce sont les r\u00e9parations usuelles que vous avez \u00e0 faire sur votre mat\u00e9riel personnel pour l&rsquo;entretenir et le garder en bon \u00e9tat le plus longtemps possible.<\/p>\n<p style=\"text-align: left;\">Mais il se peut que vous arrachiez une carre ou endommagiez la structure de votre semelle, voir du corps m\u00eame de votre ski ou snow board.<br \/>\nPas de panique, presque tout est r\u00e9parable, mais il faut un peu de temps et de savoir faire, passez nous voir, nous vous ferons un devis si la r\u00e9paration est possible et surtout&nbsp;si elle peut durer dans le temps.<\/p>\n<p style=\"text-align: center;\"><strong>Exemple de r\u00e9paration<\/strong><\/p>\n<table style=\"border-collapse: collapse; width: 100%;\">\n<tbody>\n<tr>\n<td style=\"width: 100%;\"><a href=\"https:\/\/skiboxsports.kitwebcom.fr\/wp-content\/uploads\/2015\/09\/avant-apres.jpg\"><img loading=\"lazy\" decoding=\"async\" class=\"aligncenter size-medium wp-image-263\" src=\"https:\/\/skiboxsports.kitwebcom.fr\/wp-content\/uploads\/2015\/09\/avant-apres-300x188.jpg\" alt=\"Exemple de r\u00e9paration\" width=\"300\" height=\"188\" srcset=\"https:\/\/skiboxsports.kitwebcom.fr\/wp-content\/uploads\/2015\/09\/avant-apres-300x188.jpg 300w, https:\/\/skiboxsports.kitwebcom.fr\/wp-content\/uploads\/2015\/09\/avant-apres-1024x640.jpg 1024w, https:\/\/skiboxsports.kitwebcom.fr\/wp-content\/uploads\/2015\/09\/avant-apres.jpg 1280w\" sizes=\"auto, (max-width: 300px) 100vw, 300px\" \/><\/a><\/td>\n<\/tr>\n<\/tbody>\n<\/table>\n","protected":false},"excerpt":{"rendered":"<p>Ski Box Sports , 100% efficace ! Fartage des skis et Snowboards D\u00e9sinfection du mat\u00e9riel Avec la r\u00e9paration vous entrez dans la partie que nous pr\u00e9f\u00e9rons dans le m\u00e9tier. Nous sommes effectivement un magasin de location et de vente de mat\u00e9riel ce qui fait de nous des commer\u00e7ants, mais la partie r\u00e9paration confirme notre m\u00e9tier\u2026<\/p>\n","protected":false},"author":1,"featured_media":0,"parent":0,"menu_order":0,"comment_status":"closed","ping_status":"closed","template":"fullwidth.php","meta":{"_exactmetrics_skip_tracking":false,"_exactmetrics_sitenote_active":false,"_exactmetrics_sitenote_note":"","_exactmetrics_sitenote_category":0,"ngg_post_thumbnail":0,"footnotes":""},"class_list":["post-44","page","type-page","status-publish","hentry"],"_links":{"self":[{"href":"https:\/\/skiboxsports.kitwebcom.fr\/index.php?rest_route=\/wp\/v2\/pages\/44","targetHints":{"allow":["GET"]}}],"collection":[{"href":"https:\/\/skiboxsports.kitwebcom.fr\/index.php?rest_route=\/wp\/v2\/pages"}],"about":[{"href":"https:\/\/skiboxsports.kitwebcom.fr\/index.php?rest_route=\/wp\/v2\/types\/page"}],"author":[{"embeddable":true,"href":"https:\/\/skiboxsports.kitwebcom.fr\/index.php?rest_route=\/wp\/v2\/users\/1"}],"replies":[{"embeddable":true,"href":"https:\/\/skiboxsports.kitwebcom.fr\/index.php?rest_route=%2Fwp%2Fv2%2Fcomments&post=44"}],"version-history":[{"count":46,"href":"https:\/\/skiboxsports.kitwebcom.fr\/index.php?rest_route=\/wp\/v2\/pages\/44\/revisions"}],"predecessor-version":[{"id":2685,"href":"https:\/\/skiboxsports.kitwebcom.fr\/index.php?rest_route=\/wp\/v2\/pages\/44\/revisions\/2685"}],"wp:attachment":[{"href":"https:\/\/skiboxsports.kitwebcom.fr\/index.php?rest_route=%2Fwp%2Fv2%2Fmedia&parent=44"}],"curies":[{"name":"wp","href":"https:\/\/api.w.org\/{rel}","templated":true}]}}