{"id":55,"date":"2015-09-14T18:22:14","date_gmt":"2015-09-14T17:22:14","guid":{"rendered":"https:\/\/skiboxsports.kitwebcom.fr\/?page_id=55"},"modified":"2023-12-13T15:08:00","modified_gmt":"2023-12-13T14:08:00","slug":"liens-utiles","status":"publish","type":"page","link":"https:\/\/skiboxsports.kitwebcom.fr\/?page_id=55&lang=fr","title":{"rendered":"Liens Utiles"},"content":{"rendered":"<h4><a href=\"https:\/\/www.facebook.com\/ski.boxsports.5\" target=\"_blank\" rel=\"noopener noreferrer\"><span class=\"TitreBoxdefile\">&nbsp;<\/span><\/a><a href=\"https:\/\/www.facebook.com\/ski.boxsports.5\"><img loading=\"lazy\" decoding=\"async\" class=\"alignnone size-full wp-image-63\" src=\"https:\/\/skiboxsports.kitwebcom.fr\/wp-content\/uploads\/2015\/09\/fb.jpg\" alt=\"fb\" width=\"66\" height=\"50\"><\/a><a href=\"https:\/\/www.facebook.com\/ski.boxsports.5\" target=\"_blank\" rel=\"noopener noreferrer\">SKIBOXSPORTS sur Facebook<\/a><\/h4>\n<h3 class=\"TitreBleu\"><img loading=\"lazy\" decoding=\"async\" class=\"alignleft wp-image-846\" src=\"https:\/\/skiboxsports.kitwebcom.fr\/wp-content\/uploads\/2015\/09\/friendlyMenuires_3Valles_cmjn-300x84.png\" alt=\"\" width=\"395\" height=\"110\" srcset=\"https:\/\/skiboxsports.kitwebcom.fr\/wp-content\/uploads\/2015\/09\/friendlyMenuires_3Valles_cmjn-300x84.png 300w, https:\/\/skiboxsports.kitwebcom.fr\/wp-content\/uploads\/2015\/09\/friendlyMenuires_3Valles_cmjn-768x214.png 768w, https:\/\/skiboxsports.kitwebcom.fr\/wp-content\/uploads\/2015\/09\/friendlyMenuires_3Valles_cmjn.png 998w\" sizes=\"auto, (max-width: 395px) 100vw, 395px\" \/><\/h3>\n<p><strong>T\u00e9l\u00e9charger le dossier de presse :<\/strong> <br><a href=\"https:\/\/skiboxsports.kitwebcom.fr\/wp-content\/uploads\/2018\/11\/DP_menuires_BD_FR.pdf\" target=\"_blank\" rel=\"noopener noreferrer\">Dossier en Fran\u00e7ais<\/a> |&nbsp; <a href=\"https:\/\/skiboxsports.kitwebcom.fr\/wp-content\/uploads\/2018\/11\/DP_menuires_BD_GB.pdf\" target=\"_blank\" rel=\"noopener noreferrer\">Dossier en Anglais<\/a><\/p>\n<p><a href=\"https:\/\/skiboxsports.kitwebcom.fr\/wp-content\/uploads\/2015\/09\/menuires_plan_hiver_2018.pdf\" target=\"_blank\" rel=\"noopener noreferrer\"><strong>T\u00e9l\u00e9charger le Plan de la Station en PDF&#8230;<\/strong><\/a><\/p>\n<p>&nbsp;<\/p>\n<h4><a href=\"https:\/\/www.gotosaintmartindebelleville.com\/\" target=\"_blank\" rel=\"noopener\"><img loading=\"lazy\" decoding=\"async\" class=\"alignleft size-full wp-image-2593\" src=\"https:\/\/skiboxsports.kitwebcom.fr\/wp-content\/uploads\/2023\/12\/SMB_logo_go_to_268x100.png\" alt=\"Go to St-Martin-de-Belleville\" width=\"268\" height=\"100\"><\/a><\/h4>\n<h4>&nbsp;<\/h4>\n<p>&nbsp;<\/p>\n<p>&nbsp;<\/p>\n<p>&nbsp;<\/p>\n<h4 class=\"TitreBleu\"><a href=\"http:\/\/lesmenuires.com\/\" target=\"_blank\" rel=\"noopener noreferrer\">LES MENUIRES : site officiel<\/a><\/h4>\n<ul>\n<li>\n<h5><a href=\"http:\/\/lesmenuires.com\/hiver\/station-de-ski\/plan-station\/\" target=\"_blank\" rel=\"noopener noreferrer\">Plan de la station<\/a><\/h5>\n<\/li>\n<li>\n<h5><a href=\"http:\/\/lesmenuires.com\/pistes\/\" target=\"_blank\" rel=\"noopener noreferrer\">Infos pistes<\/a><\/h5>\n<\/li>\n<li>\n<h5><a href=\"http:\/\/lesmenuires.com\/webcams\/\" target=\"_blank\" rel=\"noopener noreferrer\">Webcams<\/a><\/h5>\n<\/li>\n<\/ul>\n<h4 class=\"TitreBleu\"><a href=\"http:\/\/www.skipass-lesmenuires.com\/fr\/\" target=\"_blank\" rel=\"noopener noreferrer\">WWW.SKIPASS-LESMENUIRES.COM<\/a> :<\/h4>\n<h5>Le site officiel d&rsquo;achat de forfaits de ski des stations Les Menuires et Saint Martin de Belleville dans les 3 Vall\u00e9es.<\/h5>\n<h4><a href=\"http:\/\/www.les3vallees.com\/\" target=\"_blank\" rel=\"noopener noreferrer\">LES TROIS VALLEES <\/a><\/h4>\n<p><strong>Le plus grand domaine skiable du monde<\/strong><\/p>\n<p><strong>L\u2019application des Menuires va r\u00e9volutionner le confort et la s\u00e9curit\u00e9 de tous \u00e0 la montagne.<\/strong><\/p>\n<p>Propos\u00e9e par l\u2019Office du Tourisme des Menuires et la soci\u00e9t\u00e9 des remont\u00e9es m\u00e9caniques (SEVABEL),<br>cette application fournit tous les services dont vous pouvez r\u00eaver aux Menuires :<\/p>\n<p>le plan des pistes int\u00e9ractif avec indication des pistes et remont\u00e9es ouvertes, des pistes dam\u00e9es, etc,<\/p>\n<ul style=\"list-style-type: disc;\">\n<li>votre position GPS sur les pistes,<\/li>\n<li>la m\u00e9t\u00e9o d\u00e9taill\u00e9e de la station,<\/li>\n<li>l\u2019annuaire des services de la station,<\/li>\n<li>le num\u00e9ro des secours,<\/li>\n<li>et plein d&rsquo;autres modules et fonctionnalit\u00e9s&#8230;<\/li>\n<\/ul>\n<table class=\" alignleft\" cellspacing=\"5\">\n<tbody>\n<tr>\n<td><a href=\"https:\/\/itunes.apple.com\/fr\/app\/les-menuires\/id344974639?mt=8\" target=\"_blank\" rel=\"noopener noreferrer\"><img loading=\"lazy\" decoding=\"async\" class=\"aligncenter wp-image-275 size-full\" src=\"https:\/\/skiboxsports.kitwebcom.fr\/wp-content\/uploads\/2015\/09\/app_store.png\" alt=\"Les Menuires sur app_store\" width=\"122\" height=\"81\"><\/a><\/td>\n<td><a href=\"https:\/\/play.google.com\/store\/apps\/details?id=com.skiplan.menuires\" target=\"_blank\" rel=\"noopener noreferrer\"><img loading=\"lazy\" decoding=\"async\" class=\"aligncenter wp-image-276 size-full\" src=\"https:\/\/skiboxsports.kitwebcom.fr\/wp-content\/uploads\/2015\/09\/google_play.png\" alt=\"Les Menuires sur google_play\" width=\"126\" height=\"82\"><\/a><\/td>\n<\/tr>\n<\/tbody>\n<\/table>\n\n\n<div class=\"wp-block-buttons is-layout-flex wp-block-buttons-is-layout-flex\"><\/div>\n","protected":false},"excerpt":{"rendered":"<p>&nbsp;SKIBOXSPORTS sur Facebook T\u00e9l\u00e9charger le dossier de presse : Dossier en Fran\u00e7ais |&nbsp; Dossier en Anglais T\u00e9l\u00e9charger le Plan de la Station en PDF&#8230; &nbsp; &nbsp; &nbsp; &nbsp; &nbsp; LES MENUIRES : site officiel Plan de la station Infos pistes Webcams WWW.SKIPASS-LESMENUIRES.COM : Le site officiel d&rsquo;achat de forfaits de ski des stations Les Menuires\u2026<\/p>\n","protected":false},"author":1,"featured_media":0,"parent":0,"menu_order":0,"comment_status":"closed","ping_status":"closed","template":"fullwidth.php","meta":{"_exactmetrics_skip_tracking":false,"_exactmetrics_sitenote_active":false,"_exactmetrics_sitenote_note":"","_exactmetrics_sitenote_category":0,"ngg_post_thumbnail":0,"footnotes":""},"class_list":["post-55","page","type-page","status-publish","hentry"],"_links":{"self":[{"href":"https:\/\/skiboxsports.kitwebcom.fr\/index.php?rest_route=\/wp\/v2\/pages\/55","targetHints":{"allow":["GET"]}}],"collection":[{"href":"https:\/\/skiboxsports.kitwebcom.fr\/index.php?rest_route=\/wp\/v2\/pages"}],"about":[{"href":"https:\/\/skiboxsports.kitwebcom.fr\/index.php?rest_route=\/wp\/v2\/types\/page"}],"author":[{"embeddable":true,"href":"https:\/\/skiboxsports.kitwebcom.fr\/index.php?rest_route=\/wp\/v2\/users\/1"}],"replies":[{"embeddable":true,"href":"https:\/\/skiboxsports.kitwebcom.fr\/index.php?rest_route=%2Fwp%2Fv2%2Fcomments&post=55"}],"version-history":[{"count":39,"href":"https:\/\/skiboxsports.kitwebcom.fr\/index.php?rest_route=\/wp\/v2\/pages\/55\/revisions"}],"predecessor-version":[{"id":2601,"href":"https:\/\/skiboxsports.kitwebcom.fr\/index.php?rest_route=\/wp\/v2\/pages\/55\/revisions\/2601"}],"wp:attachment":[{"href":"https:\/\/skiboxsports.kitwebcom.fr\/index.php?rest_route=%2Fwp%2Fv2%2Fmedia&parent=55"}],"curies":[{"name":"wp","href":"https:\/\/api.w.org\/{rel}","templated":true}]}}